{"id":8437,"date":"2020-07-06T07:57:17","date_gmt":"2020-07-06T04:57:17","guid":{"rendered":"http:\/\/www.bugday.org\/blog\/?page_id=8437"},"modified":"2022-11-21T12:15:08","modified_gmt":"2022-11-21T09:15:08","slug":"tohum","status":"publish","type":"page","link":"https:\/\/www.bugday.org\/blog\/sikca-sorulan-sorular\/tohum\/","title":{"rendered":"Yerel\/atal\u0131k tohumu nereden bulabilirim?"},"content":{"rendered":"\r\n<div class=\"boldgrid-section\">\r\n<div class=\"container\">\r\n<div class=\"row\">\r\n<div class=\"col-md-12 col-xs-12 col-sm-12\">\r\n<p class=\"\"><span style=\"color: #000000;\">Facebook\u2019taki <strong><a style=\"color: #000000;\" href=\"https:\/\/www.facebook.com\/groups\/tohumtakas\/\" target=\"_blank\" rel=\"noreferrer noopener\" aria-label=\" (yeni sekmede a\u00e7\u0131l\u0131r)\">Tohum Takas A\u011f\u0131<\/a><\/strong> adl\u0131 grubumuza \u00fcye olarak orada tohum ihtiyac\u0131n\u0131z\u0131 payla\u015fabilirsiniz.<\/span><\/p>\r\n<p class=\"\"><span style=\"color: #000000;\"><strong><a style=\"color: #000000;\" href=\"https:\/\/www.bugday.org\/blog\/saglikli-gidanin-adresi\/\" target=\"_blank\" rel=\"noreferrer noopener\" aria-label=\"%100 Ekolojik Pazarlar (yeni sekmede a\u00e7\u0131l\u0131r)\">%100 Ekolojik Pazarlar<\/a><\/strong>&nbsp;ve <strong><a style=\"color: #000000;\" href=\"http:\/\/gidatopluluklari.org\/\" target=\"_blank\" rel=\"noopener noreferrer\">G\u0131da Topluluklar\u0131<\/a><\/strong> \u00fcreticileri ile temasa ge\u00e7erek onlardan, halen ba\u011flant\u0131n\u0131z olan k\u00f6y\u00fcn\u00fczdeki\/k\u0131rsaldaki tan\u0131d\u0131klar\u0131n\u0131zdan talep edebilirsiniz.<\/span><\/p>\r\n<p class=\"\"><span style=\"color: #000000;\">Zaman zaman d\u00fczenlenen<strong> tohum takas \u015fenlikleri<\/strong>ni takip edebilirsiniz.<\/span><\/p>\r\n<p class=\"\"><span style=\"color: #000000;\">Yerel tohumu koruyan <strong>sivil toplum kurulu\u015flar\u0131<\/strong> ve <strong>belediyeler<\/strong>den (Mu\u011fla B\u00fcy\u00fck\u015fehir Belediyesi, \u0130zmir Seferihisar Belediyesi vb.) \u00fccretsiz olarak veya kargo da\u011f\u0131t\u0131m bedeli kar\u015f\u0131l\u0131\u011f\u0131nda tohum edinebilirsiniz.&nbsp;<\/span><\/p>\r\n<\/div>\r\n<\/div>\r\n<\/div>\r\n<\/div>\r\n\r\n\r\n","protected":false},"excerpt":{"rendered":"<p>Facebook\u2019taki Tohum Takas A\u011f\u0131 adl\u0131 grubumuza \u00fcye olarak orada tohum ihtiyac\u0131n\u0131z\u0131 payla\u015fabilirsiniz. %100 Ekolojik Pazarlar&nbsp;ve G\u0131da Topluluklar\u0131 \u00fcreticileri ile temasa ge\u00e7erek onlardan, halen ba\u011flant\u0131n\u0131z olan k\u00f6y\u00fcn\u00fczdeki\/k\u0131rsaldaki tan\u0131d\u0131klar\u0131n\u0131zdan talep edebilirsiniz. Zaman zaman d\u00fczenlenen tohum takas \u015fenliklerini&#8230;<\/p>\n","protected":false},"author":1,"featured_media":0,"parent":8417,"menu_order":0,"comment_status":"closed","ping_status":"closed","template":"","meta":{"footnotes":""},"_links":{"self":[{"href":"https:\/\/www.bugday.org\/blog\/wp-json\/wp\/v2\/pages\/8437"}],"collection":[{"href":"https:\/\/www.bugday.org\/blog\/wp-json\/wp\/v2\/pages"}],"about":[{"href":"https:\/\/www.bugday.org\/blog\/wp-json\/wp\/v2\/types\/page"}],"author":[{"embeddable":true,"href":"https:\/\/www.bugday.org\/blog\/wp-json\/wp\/v2\/users\/1"}],"replies":[{"embeddable":true,"href":"https:\/\/www.bugday.org\/blog\/wp-json\/wp\/v2\/comments?post=8437"}],"version-history":[{"count":9,"href":"https:\/\/www.bugday.org\/blog\/wp-json\/wp\/v2\/pages\/8437\/revisions"}],"predecessor-version":[{"id":288594,"href":"https:\/\/www.bugday.org\/blog\/wp-json\/wp\/v2\/pages\/8437\/revisions\/288594"}],"up":[{"embeddable":true,"href":"https:\/\/www.bugday.org\/blog\/wp-json\/wp\/v2\/pages\/8417"}],"wp:attachment":[{"href":"https:\/\/www.bugday.org\/blog\/wp-json\/wp\/v2\/media?parent=8437"}],"curies":[{"name":"wp","href":"https:\/\/api.w.org\/{rel}","templated":true}]}}