{"id":8434,"date":"2020-07-06T07:16:35","date_gmt":"2020-07-06T04:16:35","guid":{"rendered":"http:\/\/www.bugday.org\/blog\/?page_id=8434"},"modified":"2022-07-01T22:15:36","modified_gmt":"2022-07-01T19:15:36","slug":"proje-ve-faaliyetlerinizden-nasil-haberdar-olabilirim","status":"publish","type":"page","link":"https:\/\/www.bugday.org\/blog\/proje-ve-faaliyetlerinizden-nasil-haberdar-olabilirim\/","title":{"rendered":"Proje ve faaliyetlerinizden nas\u0131l haberdar olabilirim?"},"content":{"rendered":"\r\n<div class=\"boldgrid-section\">\r\n<div class=\"container\">\r\n<div class=\"row\">\r\n<div class=\"col-md-12 col-xs-12 col-sm-12\">\r\n<p class=\"\">Derne\u011fimize <a href=\"https:\/\/www.bugday.org\/blog\/uyelik-ve-bagis\/\" target=\"_blank\" rel=\"noopener noreferrer\">\u00fcye<\/a> ve <a href=\"https:\/\/www.bugday.org\/blog\/duzenli-destek\/\" target=\"_blank\" rel=\"noopener noreferrer\">d\u00fczenli destek\u00e7i<\/a> (Bu\u011fday E-Dergi abonesi) olman\u0131z durumunda ise proje ve faaliyetlerimize y\u00f6nelik d\u00fczenli olarak bilgilendirme maili alabilirsiniz.&nbsp;<\/p>\r\n<p class=\"\">D\u00fczenledi\u011fimiz veya dahil oldu\u011fumuz <a href=\"https:\/\/www.bugday.org\/blog\/projeler\/etkinlik-ve-atolyeler\/\" target=\"_blank\" rel=\"noopener noreferrer\">etkinlik, at\u00f6lye ve s\u00f6yle\u015filere<\/a> kat\u0131labilirsiniz.<\/p>\r\n<p class=\"\">Ekolojik ya\u015fam bilgisini yaymak amac\u0131yla, dijital ayak izimize dikkat ederek kulland\u0131\u011f\u0131m\u0131z <a href=\"https:\/\/www.facebook.com\/bugdaydernegi\" target=\"_blank\" rel=\"noopener noreferrer\">Facebook<\/a>, <a href=\"https:\/\/www.instagram.com\/bugday_dernegi\/\" target=\"_blank\" rel=\"noopener noreferrer\">Instagram<\/a>, <a href=\"https:\/\/twitter.com\/BugdayDernegi\" target=\"_blank\" rel=\"noopener noreferrer\">Twitter<\/a>, <a href=\"https:\/\/www.linkedin.com\/company\/bugdaydernegi\/\" target=\"_blank\" rel=\"noopener noreferrer\">Linkedin<\/a>, <a href=\"https:\/\/t.me\/s\/bugdaydernegi\" target=\"_blank\" rel=\"noopener noreferrer\">Telegram <\/a>&nbsp;hesaplar\u0131m\u0131zdan bizi takip edebilirsiniz.<\/p>\r\n<p class=\"\">+90 (216) 349 99 93 numaral\u0131 telefondan veya <a href=\"mailto:dernek@bugday.org\" target=\"_blank\" rel=\"noopener noreferrer\">dernek@bugday.org<\/a> adresinden Derne\u011fimize ula\u015fabilirsiniz.<\/p>\r\n<p class=\"\">&nbsp;<\/p>\r\n<\/div>\r\n<\/div>\r\n<\/div>\r\n<\/div>\r\n","protected":false},"excerpt":{"rendered":"<p>Derne\u011fimize \u00fcye ve d\u00fczenli destek\u00e7i (Bu\u011fday E-Dergi abonesi) olman\u0131z durumunda ise proje ve faaliyetlerimize y\u00f6nelik d\u00fczenli olarak bilgilendirme maili alabilirsiniz.&nbsp; D\u00fczenledi\u011fimiz veya dahil oldu\u011fumuz etkinlik, at\u00f6lye ve s\u00f6yle\u015filere kat\u0131labilirsiniz. Ekolojik ya\u015fam bilgisini yaymak amac\u0131yla, dijital&#8230;<\/p>\n","protected":false},"author":1,"featured_media":5412,"parent":0,"menu_order":0,"comment_status":"closed","ping_status":"closed","template":"","meta":{"footnotes":""},"_links":{"self":[{"href":"https:\/\/www.bugday.org\/blog\/wp-json\/wp\/v2\/pages\/8434"}],"collection":[{"href":"https:\/\/www.bugday.org\/blog\/wp-json\/wp\/v2\/pages"}],"about":[{"href":"https:\/\/www.bugday.org\/blog\/wp-json\/wp\/v2\/types\/page"}],"author":[{"embeddable":true,"href":"https:\/\/www.bugday.org\/blog\/wp-json\/wp\/v2\/users\/1"}],"replies":[{"embeddable":true,"href":"https:\/\/www.bugday.org\/blog\/wp-json\/wp\/v2\/comments?post=8434"}],"version-history":[{"count":7,"href":"https:\/\/www.bugday.org\/blog\/wp-json\/wp\/v2\/pages\/8434\/revisions"}],"predecessor-version":[{"id":285823,"href":"https:\/\/www.bugday.org\/blog\/wp-json\/wp\/v2\/pages\/8434\/revisions\/285823"}],"wp:featuredmedia":[{"embeddable":true,"href":"https:\/\/www.bugday.org\/blog\/wp-json\/wp\/v2\/media\/5412"}],"wp:attachment":[{"href":"https:\/\/www.bugday.org\/blog\/wp-json\/wp\/v2\/media?parent=8434"}],"curies":[{"name":"wp","href":"https:\/\/api.w.org\/{rel}","templated":true}]}}