{"id":8423,"date":"2020-07-06T07:06:22","date_gmt":"2020-07-06T04:06:22","guid":{"rendered":"http:\/\/www.bugday.org\/blog\/?page_id=8423"},"modified":"2020-11-06T16:58:07","modified_gmt":"2020-11-06T13:58:07","slug":"calismalariniza-nasil-destek-olabilirim","status":"publish","type":"page","link":"https:\/\/www.bugday.org\/blog\/sikca-sorulan-sorular\/calismalariniza-nasil-destek-olabilirim\/","title":{"rendered":"\u00c7al\u0131\u015fmalar\u0131n\u0131za nas\u0131l destek olabilirim?"},"content":{"rendered":"\n<div class=\"wp-block-button alignright is-style-outline\"><a class=\"wp-block-button__link has-text-color has-very-dark-gray-color has-background has-luminous-vivid-amber-background-color\" href=\"http:\/\/www.bugday.org\/blog\/uyelik\/\">\u00dcye Ol<\/a><\/div>\n\n\n\n<p>S\u00fcrd\u00fcr\u00fclebilirli\u011fini bireylerin destek ve ba\u011f\u0131\u015flar\u0131yla sa\u011flayan, sponsoru olmayan, ba\u011f\u0131ms\u0131z bir derne\u011fiz. \u00dcyemiz olarak verdi\u011finiz d\u00fczenli desteklerle, sa\u011fl\u0131kl\u0131 ve g\u00fcvenilir g\u0131daya eri\u015fim, do\u011fa dostu \u00fcretim ve t\u00fcketim al\u0131\u015fkanl\u0131klar\u0131n\u0131n yayg\u0131nla\u015ft\u0131r\u0131lmas\u0131, k\u0131rsal ve kent aras\u0131ndaki ba\u011flar\u0131n g\u00fc\u00e7lendirilmesi gibi pek \u00e7ok konuda y\u00fcr\u00fctt\u00fc\u011f\u00fcm\u00fcz \u00e7al\u0131\u015fmalara destek olabilirsiniz. <\/p>\n\n\n\n<div class=\"wp-block-button alignleft is-style-outline\"><a class=\"wp-block-button__link has-text-color has-very-dark-gray-color has-background has-luminous-vivid-amber-background-color\" href=\"http:\/\/www.bugday.org\/blog\/destek-olun\/\">Ba\u011f\u0131\u015f\u00e7\u0131 Ol<\/a><\/div>\n\n\n\n<p>Resmi dernek \u00fcyemiz olmadan, tek seferlik veya d\u00fczenli ba\u011f\u0131\u015fta da bulunabilirsiniz. Kendi ad\u0131n\u0131za veya ba\u015fkas\u0131n\u0131n ad\u0131na, d\u00fczenli olarak ya da \u00f6zel g\u00fcnlerinizde bu ba\u011f\u0131\u015f\u0131 yaparak yeni projelerimizin olu\u015fmas\u0131, var olan projelerimizin s\u00fcrd\u00fcr\u00fclmesi ile birlikte ekolojik ya\u015fam bilgisini yaymak amac\u0131yla e\u011fitim ve etkinlikler d\u00fczenlenmesini sa\u011flayabilirsiniz.&nbsp;<\/p>\n\n\n\n<div class=\"wp-block-button alignright is-style-outline\"><a class=\"wp-block-button__link has-text-color has-very-dark-gray-color has-background has-luminous-vivid-amber-background-color\" href=\"http:\/\/www.bugday.org\/blog\/gonullu-basvurusu\/\">G\u00f6n\u00fcll\u00fc Ol<\/a><\/div>\n\n\n\n<p>Bu\u011fday Derne\u011fi\u2019ne g\u00f6n\u00fcll\u00fc ba\u015fvurusu yaparak ki\u015fisel ilgi, bilgi, becerileriniz do\u011frultusunda, aktif sorumluluk al\u0131p, zaman\u0131n\u0131z ve eme\u011finizle katk\u0131 sunabilirsiniz.<\/p>\n","protected":false},"excerpt":{"rendered":"<p>S\u00fcrd\u00fcr\u00fclebilirli\u011fini bireylerin destek ve ba\u011f\u0131\u015flar\u0131yla sa\u011flayan, sponsoru olmayan, ba\u011f\u0131ms\u0131z bir derne\u011fiz. \u00dcyemiz olarak verdi\u011finiz d\u00fczenli desteklerle, sa\u011fl\u0131kl\u0131 ve g\u00fcvenilir g\u0131daya eri\u015fim, do\u011fa dostu \u00fcretim ve t\u00fcketim al\u0131\u015fkanl\u0131klar\u0131n\u0131n yayg\u0131nla\u015ft\u0131r\u0131lmas\u0131, k\u0131rsal ve kent aras\u0131ndaki ba\u011flar\u0131n g\u00fc\u00e7lendirilmesi gibi&#8230;<\/p>\n","protected":false},"author":1,"featured_media":5412,"parent":8417,"menu_order":0,"comment_status":"closed","ping_status":"closed","template":"","meta":{"footnotes":""},"_links":{"self":[{"href":"https:\/\/www.bugday.org\/blog\/wp-json\/wp\/v2\/pages\/8423"}],"collection":[{"href":"https:\/\/www.bugday.org\/blog\/wp-json\/wp\/v2\/pages"}],"about":[{"href":"https:\/\/www.bugday.org\/blog\/wp-json\/wp\/v2\/types\/page"}],"author":[{"embeddable":true,"href":"https:\/\/www.bugday.org\/blog\/wp-json\/wp\/v2\/users\/1"}],"replies":[{"embeddable":true,"href":"https:\/\/www.bugday.org\/blog\/wp-json\/wp\/v2\/comments?post=8423"}],"version-history":[{"count":7,"href":"https:\/\/www.bugday.org\/blog\/wp-json\/wp\/v2\/pages\/8423\/revisions"}],"predecessor-version":[{"id":10214,"href":"https:\/\/www.bugday.org\/blog\/wp-json\/wp\/v2\/pages\/8423\/revisions\/10214"}],"up":[{"embeddable":true,"href":"https:\/\/www.bugday.org\/blog\/wp-json\/wp\/v2\/pages\/8417"}],"wp:featuredmedia":[{"embeddable":true,"href":"https:\/\/www.bugday.org\/blog\/wp-json\/wp\/v2\/media\/5412"}],"wp:attachment":[{"href":"https:\/\/www.bugday.org\/blog\/wp-json\/wp\/v2\/media?parent=8423"}],"curies":[{"name":"wp","href":"https:\/\/api.w.org\/{rel}","templated":true}]}}