{"id":8417,"date":"2020-07-06T07:00:42","date_gmt":"2020-07-06T04:00:42","guid":{"rendered":"http:\/\/www.bugday.org\/blog\/?page_id=8417"},"modified":"2024-10-16T09:37:45","modified_gmt":"2024-10-16T06:37:45","slug":"sikca-sorulan-sorular","status":"publish","type":"page","link":"https:\/\/www.bugday.org\/blog\/sikca-sorulan-sorular\/","title":{"rendered":"S\u0131k\u00e7a Sorulan Sorular"},"content":{"rendered":"\r\n<div class=\"boldgrid-section\">\r\n<div class=\"container\">\r\n<div class=\"row\" style=\"padding-top: 5px;\">\r\n<div class=\"col-md-12 col-xs-12 col-sm-12 col-lg-12\">\r\n<ul class=\"\" style=\"line-height: 2.3em;\">\r\n<li><strong><span style=\"font-size: 21px;\"><a href=\"http:\/\/www.bugday.org\/blog\/sikca-sorulan-sorular\/calismalariniza-nasil-destek-olabilirim\/\" target=\"_blank\" rel=\"noopener noreferrer\">\u00c7al\u0131\u015fmalar\u0131n\u0131za nas\u0131l destek olabilirim?<\/a><\/span><\/strong><\/li>\r\n<li><strong><span style=\"font-size: 21px;\"><a href=\"http:\/\/www.bugday.org\/blog\/proje-ve-faaliyetlerinizden-nasil-haberdar-olabilirim\/\" target=\"_blank\" rel=\"noopener noreferrer\">Proje ve faaliyetlerinizden nas\u0131l haberdar olabilirim?<\/a><\/span><\/strong><\/li>\r\n<li><strong><span style=\"font-size: 21px;\"><a href=\"https:\/\/www.bugday.org\/blog\/sikca-sorulan-sorular\/tohum\/\" target=\"_blank\" rel=\"noopener noreferrer\">Yerel\/atal\u0131k tohumu nereden bulabilirim? <\/a>&nbsp;&nbsp;<\/span><\/strong><\/li>\r\n<li><strong><span style=\"font-size: 21px;\"><a href=\"https:\/\/www.bugday.org\/blog\/sikca-sorulan-sorular\/tohum-meselesi\/\" target=\"_blank\" rel=\"noopener noreferrer\">Yerel\/atal\u0131k, hibrit, organik, GDO\u2019lu tohum nedir?<\/a><\/span><\/strong><\/li>\r\n<li><strong><span style=\"font-size: 21px;\"><a href=\"http:\/\/www.bugday.org\/blog\/sikca-sorulan-sorular\/zehirsiz-saglikli-gidaya-nasil-ulasabilirim\/\" target=\"_blank\" rel=\"noopener noreferrer\">Zehirsiz, sa\u011fl\u0131kl\u0131 g\u0131daya nas\u0131l ula\u015fabilirim?<\/a><\/span><\/strong><\/li>\r\n<li><strong><span style=\"font-size: 21px;\"><a href=\"https:\/\/www.bugday.org\/blog\/saglikli-gidanin-adresi\/\" target=\"_blank\" rel=\"noopener noreferrer\">%100 Ekolojik Pazarlar nerede ve ne zaman kuruluyor?<\/a><\/span><\/strong><\/li>\r\n<li><strong><span style=\"font-size: 21px;\"><a href=\"https:\/\/www.bugday.org\/blog\/turkiyede-kurulan-organik-pazarlar\/\" target=\"_blank\" rel=\"noopener noreferrer\">T\u00fcrkiye&#8217;deki Ekolojik Pazarlar nerede kuruluyor?<\/a><\/span><\/strong><\/li>\r\n<li><strong><span style=\"font-size: 21px;\"><a href=\"https:\/\/www.bugday.org\/blog\/sikca-sorulan-sorular\/ekolojik-pazarlar-nasil-denetleniyor\/\" target=\"_blank\" rel=\"noopener noreferrer\">%100 Ekolojik Pazarlar nas\u0131l denetleniyor?<\/a><\/span><\/strong><\/li>\r\n<li><strong><span style=\"font-size: 21px;\"><a href=\"http:\/\/www.bugday.org\/blog\/organik-urunlerle-konvansiyonel-urunlerin-fiyat-farki-nereden-kaynaklaniyor\/\" target=\"_blank\" rel=\"noopener noreferrer\">Organik \u00fcr\u00fcnlerle konvansiyonel \u00fcr\u00fcnlerin fiyat fark\u0131 nereden kaynaklan\u0131yor?<\/a><\/span><\/strong><\/li>\r\n<li><strong><span style=\"font-size: 21px;\"><a href=\"http:\/\/www.bugday.org\/blog\/sikca-sorulan-sorular\/organik-tarimda-gdolu-veya-hibrit-tohumlar-kullaniliyor-mu\/\" target=\"_blank\" rel=\"noopener noreferrer\">Organik tar\u0131mda GDO&#8217;lu veya hibrit tohumlar kullan\u0131l\u0131yor mu?<\/a><\/span><\/strong><\/li>\r\n<\/ul>\r\n<\/div>\r\n<\/div>\r\n<\/div>\r\n<\/div>\r\n","protected":false},"excerpt":{"rendered":"<p>\u00c7al\u0131\u015fmalar\u0131n\u0131za nas\u0131l destek olabilirim? Proje ve faaliyetlerinizden nas\u0131l haberdar olabilirim? Yerel\/atal\u0131k tohumu nereden bulabilirim? &nbsp;&nbsp; Yerel\/atal\u0131k, hibrit, organik, GDO\u2019lu tohum nedir? Zehirsiz, sa\u011fl\u0131kl\u0131 g\u0131daya nas\u0131l ula\u015fabilirim? %100 Ekolojik Pazarlar nerede ve ne zaman kuruluyor? T\u00fcrkiye&#8217;deki&#8230;<\/p>\n","protected":false},"author":1,"featured_media":0,"parent":0,"menu_order":0,"comment_status":"closed","ping_status":"closed","template":"","meta":{"footnotes":""},"_links":{"self":[{"href":"https:\/\/www.bugday.org\/blog\/wp-json\/wp\/v2\/pages\/8417"}],"collection":[{"href":"https:\/\/www.bugday.org\/blog\/wp-json\/wp\/v2\/pages"}],"about":[{"href":"https:\/\/www.bugday.org\/blog\/wp-json\/wp\/v2\/types\/page"}],"author":[{"embeddable":true,"href":"https:\/\/www.bugday.org\/blog\/wp-json\/wp\/v2\/users\/1"}],"replies":[{"embeddable":true,"href":"https:\/\/www.bugday.org\/blog\/wp-json\/wp\/v2\/comments?post=8417"}],"version-history":[{"count":23,"href":"https:\/\/www.bugday.org\/blog\/wp-json\/wp\/v2\/pages\/8417\/revisions"}],"predecessor-version":[{"id":298546,"href":"https:\/\/www.bugday.org\/blog\/wp-json\/wp\/v2\/pages\/8417\/revisions\/298546"}],"wp:attachment":[{"href":"https:\/\/www.bugday.org\/blog\/wp-json\/wp\/v2\/media?parent=8417"}],"curies":[{"name":"wp","href":"https:\/\/api.w.org\/{rel}","templated":true}]}}