{"id":64288,"date":"2021-02-15T15:46:50","date_gmt":"2021-02-15T12:46:50","guid":{"rendered":"https:\/\/www.bugday.org\/blog\/?page_id=64288"},"modified":"2022-07-15T18:27:37","modified_gmt":"2022-07-15T15:27:37","slug":"kurumsal-destek","status":"publish","type":"page","link":"https:\/\/www.bugday.org\/blog\/kurumsal-destek\/","title":{"rendered":"Kurumsal Destek"},"content":{"rendered":"<div class=\"boldgrid-section\">\n<div class=\"container\">\n<div class=\"row\">\n<div class=\"col-md-12 col-xs-12 col-sm-12\">\n<p class=\"donate_company\" style=\"font-size: 20px; font-weight: bold;\"><span style=\"font-size: 14px;\">Ekolojik ya\u015fam birlikte m\u00fcmk\u00fcn!<\/span><\/p>\n<p class=\"donate_company\"><span style=\"font-size: 14px;\">Bu\u011fday Derne\u011fi olarak pek \u00e7ok kurumla proje i\u015fbirlikleri, e\u011fitimler, at\u00f6lyeler, yay\u0131nlar planl\u0131yor ve hayata ge\u00e7iriyoruz.<\/span><\/p>\n<p class=\"donate_company\" style=\"font-weight: bold;\"><span style=\"font-size: 14px;\">Bu\u011fday Derne\u011fi ile kurumsal i\u015fbirli\u011fi i\u00e7in <a href=\"mailto:dernek@bugday.org\">destek@bugday.org<\/a> adresinden e-mail ile bize ula\u015fabilirsiniz.<\/span><\/p>\n<\/div>\n<\/div>\n<\/div>\n<\/div>\n","protected":false},"excerpt":{"rendered":"<p>Ekolojik ya\u015fam birlikte m\u00fcmk\u00fcn! Bu\u011fday Derne\u011fi olarak pek \u00e7ok kurumla proje i\u015fbirlikleri, e\u011fitimler, at\u00f6lyeler, yay\u0131nlar planl\u0131yor ve hayata ge\u00e7iriyoruz. Bu\u011fday Derne\u011fi ile kurumsal i\u015fbirli\u011fi i\u00e7in destek@bugday.org adresinden e-mail ile bize ula\u015fabilirsiniz.<\/p>\n","protected":false},"author":1,"featured_media":0,"parent":0,"menu_order":0,"comment_status":"closed","ping_status":"closed","template":"page-company-donate.php","meta":{"footnotes":""},"_links":{"self":[{"href":"https:\/\/www.bugday.org\/blog\/wp-json\/wp\/v2\/pages\/64288"}],"collection":[{"href":"https:\/\/www.bugday.org\/blog\/wp-json\/wp\/v2\/pages"}],"about":[{"href":"https:\/\/www.bugday.org\/blog\/wp-json\/wp\/v2\/types\/page"}],"author":[{"embeddable":true,"href":"https:\/\/www.bugday.org\/blog\/wp-json\/wp\/v2\/users\/1"}],"replies":[{"embeddable":true,"href":"https:\/\/www.bugday.org\/blog\/wp-json\/wp\/v2\/comments?post=64288"}],"version-history":[{"count":12,"href":"https:\/\/www.bugday.org\/blog\/wp-json\/wp\/v2\/pages\/64288\/revisions"}],"predecessor-version":[{"id":285944,"href":"https:\/\/www.bugday.org\/blog\/wp-json\/wp\/v2\/pages\/64288\/revisions\/285944"}],"wp:attachment":[{"href":"https:\/\/www.bugday.org\/blog\/wp-json\/wp\/v2\/media?parent=64288"}],"curies":[{"name":"wp","href":"https:\/\/api.w.org\/{rel}","templated":true}]}}