{"id":289431,"date":"2023-04-05T06:51:22","date_gmt":"2023-04-05T03:51:22","guid":{"rendered":"https:\/\/www.bugday.org\/blog\/?page_id=289431"},"modified":"2023-04-13T18:09:53","modified_gmt":"2023-04-13T15:09:53","slug":"gelecegin-tohumlari","status":"publish","type":"page","link":"https:\/\/www.bugday.org\/blog\/gelecegin-tohumlari\/","title":{"rendered":"Bu\u011fday Derne\u011fi\u2019nin D\u00f6n\u00fc\u015f\u00fcm Hik\u00e2yesi: Gelece\u011fin Tohumlar\u0131"},"content":{"rendered":"","protected":false},"excerpt":{"rendered":"","protected":false},"author":1,"featured_media":0,"parent":0,"menu_order":0,"comment_status":"closed","ping_status":"closed","template":"template-spec20.php","meta":{"footnotes":""},"_links":{"self":[{"href":"https:\/\/www.bugday.org\/blog\/wp-json\/wp\/v2\/pages\/289431"}],"collection":[{"href":"https:\/\/www.bugday.org\/blog\/wp-json\/wp\/v2\/pages"}],"about":[{"href":"https:\/\/www.bugday.org\/blog\/wp-json\/wp\/v2\/types\/page"}],"author":[{"embeddable":true,"href":"https:\/\/www.bugday.org\/blog\/wp-json\/wp\/v2\/users\/1"}],"replies":[{"embeddable":true,"href":"https:\/\/www.bugday.org\/blog\/wp-json\/wp\/v2\/comments?post=289431"}],"version-history":[{"count":10,"href":"https:\/\/www.bugday.org\/blog\/wp-json\/wp\/v2\/pages\/289431\/revisions"}],"predecessor-version":[{"id":289503,"href":"https:\/\/www.bugday.org\/blog\/wp-json\/wp\/v2\/pages\/289431\/revisions\/289503"}],"wp:attachment":[{"href":"https:\/\/www.bugday.org\/blog\/wp-json\/wp\/v2\/media?parent=289431"}],"curies":[{"name":"wp","href":"https:\/\/api.w.org\/{rel}","templated":true}]}}