{"id":285751,"date":"2022-06-30T12:57:07","date_gmt":"2022-06-30T09:57:07","guid":{"rendered":"https:\/\/www.bugday.org\/blog\/?page_id=285751"},"modified":"2025-09-02T18:03:16","modified_gmt":"2025-09-02T15:03:16","slug":"saglikli-gidanin-adresi","status":"publish","type":"page","link":"https:\/\/www.bugday.org\/blog\/sikca-sorulan-sorular\/saglikli-gidanin-adresi\/","title":{"rendered":"Sa\u011fl\u0131kl\u0131 G\u0131dan\u0131n Adresi %100 Ekolojik Pazarlar"},"content":{"rendered":"<div class=\"boldgrid-section\">\n<div class=\"container\">\n<div class=\"row\">\n<div class=\"col-md-12 col-xs-12 col-sm-12 col-lg-12\">\n<p class=\"\"><strong><span class=\"JsGRdQ\">T\u00fcrkiye\u2019de ekolojik \u00fcr\u00fcnlerin i\u00e7 pazarda adil, s\u00fcrd\u00fcr\u00fclebilir, g\u00fcvenilir bir al\u0131\u015fveri\u015f modeli ile tan\u0131t\u0131lmas\u0131 ve yayg\u0131nla\u015ft\u0131r\u0131lmas\u0131 amac\u0131yla, ilk olarak 2006 y\u0131l\u0131nda Bu\u011fday Derne\u011fi ve \u015ei\u015fli Belediyesi i\u015fbirli\u011fiyle \u0130stanbul-\u015ei\u015fli&#8217;de kurulan %100 Ekolojik Pazarlar, hem ekolojik \u00fcretim yapan \u00e7ift\u00e7ileri destekliyor hem de zehirsiz al\u0131\u015fveri\u015f i\u00e7in alternatif sunuyor.<\/span><\/strong><\/p>\n<p class=\"\"><span class=\"JsGRdQ\">Bu\u011fday Derne\u011fi&#8217;nin dan\u0131\u015fmanl\u0131\u011f\u0131n\u0131 y\u00fcr\u00fctt\u00fc\u011f\u00fc %100 Ekolojik Pazarlar; <\/span><span class=\"JsGRdQ\">\u0130stanbul, \u0130zmit ve Kayseri&#8217;deki 6 ayr\u0131 noktada<\/span><span class=\"JsGRdQ\"> kuruluyor ve di\u011fer ekolojik pazarlara model olu\u015fturuyor. Bug\u00fcne kadar yakla\u015f\u0131k <\/span><span class=\"JsGRdQ\">900 taze sebze ve meyve \u00fcreticisinin sertifikal\u0131 \u00fcr\u00fcnlerini <\/span><span class=\"JsGRdQ\">sundu\u011fu %100 Ekolojik Pazarlar, sadece <\/span><span class=\"JsGRdQ\">\u0130stanbul&#8217;da haftal\u0131k ortalama 5 bin hanehalk\u0131na hizmet veriyor.<\/span><\/p>\n<ul class=\"\">\n<li><strong><a href=\"https:\/\/goo.gl\/maps\/N93tn1k5LrhiNcfW6\" target=\"_blank\" rel=\"noopener noreferrer\">Bak\u0131rk\u00f6y %100 Ekolojik Pazar<\/a>:<\/strong> Cuma g\u00fcnleri, Airport Al\u0131\u015fveri\u015f Merkezi\u2019nin arka a\u00e7\u0131k otopark\u0131nda, 07.00-16.00&nbsp;<\/li>\n<li><strong><a href=\"https:\/\/goo.gl\/maps\/gSS1bAAxaJVZrH4G8\" target=\"_blank\" rel=\"noopener noreferrer\">\u015ei\u015fli %100 Ekolojik Pazar<\/a>:<\/strong> Cumartesi g\u00fcnleri, Cumhuriyet Mah., G\u00f6kku\u015fa\u011f\u0131 Lala \u015eahin Sok., Ferik\u00f6y\u2019de, 07.00-17.00<\/li>\n<li><strong><a href=\"https:\/\/g.page\/Kartalorganikpazar?share\" target=\"_blank\" rel=\"noopener noreferrer\">Kartal %100 Ekolojik Pazar<\/a>:<\/strong> Pazar g\u00fcnleri, Kordonboyu Mah., H\u00fck\u00fcmet Cad., Ekolojik Pazar Alan\u0131\u2019nda, 08.00-17.00&nbsp;<\/li>\n<li><strong><a href=\"https:\/\/goo.gl\/maps\/gSS1bAAxaJVZrH4G8\" target=\"_blank\" rel=\"noopener noreferrer\">\u0130zmit %100 Ekolojik Pazar<\/a>:<\/strong> Cumartesi g\u00fcnleri, 41 Burda Al\u0131\u015fveri\u015f Merkezi\u2019nde, 10.00-18.00&nbsp;<\/li>\n<li><strong><a href=\"https:\/\/goo.gl\/maps\/S72NqTqYBVNoakQB6\" target=\"_blank\" rel=\"noopener noreferrer\">Kayseri \u2013 Kocasinan\/Erciyesevler %100 Ekolojik Pazar <\/a>:<\/strong> Pazar g\u00fcnleri, Erciyesevler Mah., Maz\u0131 Sk., Kocasinan\u2019da, 08.00-17.00 *A\u011fustos-Kas\u0131m aylar\u0131 hizmet vermektedir.<\/li>\n<\/ul>\n<p class=\"\">&nbsp;<\/p>\n<\/div>\n<\/div>\n<\/div>\n<\/div>\n","protected":false},"excerpt":{"rendered":"<p>T\u00fcrkiye\u2019de ekolojik \u00fcr\u00fcnlerin i\u00e7 pazarda adil, s\u00fcrd\u00fcr\u00fclebilir, g\u00fcvenilir bir al\u0131\u015fveri\u015f modeli ile tan\u0131t\u0131lmas\u0131 ve yayg\u0131nla\u015ft\u0131r\u0131lmas\u0131 amac\u0131yla, ilk olarak 2006 y\u0131l\u0131nda Bu\u011fday Derne\u011fi ve \u015ei\u015fli Belediyesi i\u015fbirli\u011fiyle \u0130stanbul-\u015ei\u015fli&#8217;de kurulan %100 Ekolojik Pazarlar, hem ekolojik \u00fcretim yapan&#8230;<\/p>\n","protected":false},"author":4,"featured_media":285565,"parent":8417,"menu_order":0,"comment_status":"closed","ping_status":"closed","template":"","meta":{"footnotes":""},"_links":{"self":[{"href":"https:\/\/www.bugday.org\/blog\/wp-json\/wp\/v2\/pages\/285751"}],"collection":[{"href":"https:\/\/www.bugday.org\/blog\/wp-json\/wp\/v2\/pages"}],"about":[{"href":"https:\/\/www.bugday.org\/blog\/wp-json\/wp\/v2\/types\/page"}],"author":[{"embeddable":true,"href":"https:\/\/www.bugday.org\/blog\/wp-json\/wp\/v2\/users\/4"}],"replies":[{"embeddable":true,"href":"https:\/\/www.bugday.org\/blog\/wp-json\/wp\/v2\/comments?post=285751"}],"version-history":[{"count":16,"href":"https:\/\/www.bugday.org\/blog\/wp-json\/wp\/v2\/pages\/285751\/revisions"}],"predecessor-version":[{"id":299438,"href":"https:\/\/www.bugday.org\/blog\/wp-json\/wp\/v2\/pages\/285751\/revisions\/299438"}],"up":[{"embeddable":true,"href":"https:\/\/www.bugday.org\/blog\/wp-json\/wp\/v2\/pages\/8417"}],"wp:featuredmedia":[{"embeddable":true,"href":"https:\/\/www.bugday.org\/blog\/wp-json\/wp\/v2\/media\/285565"}],"wp:attachment":[{"href":"https:\/\/www.bugday.org\/blog\/wp-json\/wp\/v2\/media?parent=285751"}],"curies":[{"name":"wp","href":"https:\/\/api.w.org\/{rel}","templated":true}]}}