{"id":284300,"date":"2021-12-15T05:56:22","date_gmt":"2021-12-15T02:56:22","guid":{"rendered":"https:\/\/www.bugday.org\/blog\/?page_id=284300"},"modified":"2025-11-21T16:37:01","modified_gmt":"2025-11-21T13:37:01","slug":"bugday-edergi-arsivi","status":"publish","type":"page","link":"https:\/\/www.bugday.org\/blog\/bugday-edergi-arsivi\/","title":{"rendered":"Bu\u011fday E-Dergi"},"content":{"rendered":"<div class=\"boldgrid-section\">\n<div class=\"container\">\n<div class=\"row\" style=\"padding-top: 0px;\">\n<div class=\"col-md-12 col-xs-12 col-sm-12 col-lg-12\">\n<p class=\"mod-reset\"><a style=\"letter-spacing: 1px;\" href=\"https:\/\/www.bugday.org\/blog\/duzenli-destek\/\">&lt; D\u00fczenli Destek<\/a><\/p>\n<\/div>\n<\/div>\n<\/div>\n<\/div>\n<div class=\"boldgrid-section\">\n<div class=\"container\">\n<div class=\"row main_ecard_intro\">\n<div class=\"col-lg-12\">\n<p class=\"\" style=\"font-size: 20px; font-weight: bold; padding-bottom: 15px;\"><span style=\"font-size: 21px;\">Bu\u011fday E-Dergi, ekolojik ya\u015fam bilgisine ula\u015fmak isteyenlerin katk\u0131lar\u0131yla k\u00f6k sal\u0131yor!<\/span><\/p>\n<p class=\"\" style=\"font-size: 18px; line-height: 23px;\">Bu\u011fday Ekolojik Ya\u015fam\u0131 Destekleme Derne\u011fi\u2019ne yapt\u0131\u011f\u0131n\u0131z destekler sayesinde ekolojik ya\u015fam ve sa\u011fl\u0131kl\u0131 bir gelecek i\u00e7in att\u0131\u011f\u0131m\u0131z tohumlar b\u00fcy\u00fcyor, filizleniyor, meyve veriyor, \u00e7o\u011fal\u0131yor\u2026<\/p>\n<p class=\"\"><span style=\"font-size: 16px;\">D\u00fczenli destekleriniz ile, \u00fc\u00e7 ayda bir, her ekinoks ve g\u00fcnd\u00f6n\u00fcmlerinde elektronik ortamda yay\u0131nlad\u0131\u011f\u0131m\u0131z Bu\u011fday Ekolojik Ya\u015fam E-Dergisi\u2019nin abonesi olabilir, do\u011fa dostu ya\u015fam\u0131n g\u00fcndem ve pratiklerinden haberdar olabilirsiniz.<\/span><\/p>\n<p class=\"\"><span style=\"font-size: 16px;\">A\u015fa\u011f\u0131daki butonlardan ge\u00e7mi\u015f say\u0131lar\u0131m\u0131za eri\u015febilirsiniz.<\/span><\/p>\n<p class=\"\"><span style=\"font-size: 16px;\">Bu\u011fday Hareketi&#8217;ne destek olmak i\u00e7in, iki ayda bir yay\u0131mlanan&nbsp;Bu\u011fday E-B\u00fclten&nbsp;aboneli\u011fi i\u00e7in <a href=\"https:\/\/www.bugday.org\/blog\/duzenli-destek\/\">buraya t\u0131klay\u0131n<\/a>.<\/span><\/p>\n<\/div>\n<\/div>\n<\/div>\n<div class=\"boldgrid-section\">\n<div class=\"container\">\n<div class=\"row cards\">\n<div class=\"col-lg-6\">\n<p class=\"mod-reset\"><a href=\"https:\/\/www.bugday.org\/blog\/wp-content\/uploads\/2021\/03\/BugdayEDergi01.pdf?utm_source=BenchmarkEmail&amp;utm_campaign=1._say%C4%B1&amp;utm_medium=email\"><img loading=\"lazy\" decoding=\"async\" class=\"aligncenter wp-image-283884 size-full\" src=\"https:\/\/www.bugday.org\/blog\/wp-content\/uploads\/2021\/06\/BU%C4%9EDAY-E-DERG%C4%B0-KAPAK-724x1024.png\" alt=\"\" width=\"960\" height=\"640\"><\/a><\/p>\n<h3 class=\"\"><a class=\"button\" href=\"https:\/\/www.bugday.org\/blog\/wp-content\/uploads\/2021\/03\/BugdayEDergi01.pdf?utm_source=BenchmarkEmail&amp;utm_campaign=1._say%C4%B1&amp;utm_medium=email\" target=\"_blank\" rel=\"noopener noreferrer\">Bu\u011fday E-Dergi | Say\u0131 01 | Bahar 2021<\/a><\/h3>\n<\/div>\n<div class=\"col-lg-6\">\n<p class=\"mod-reset\"><a href=\"https:\/\/www.bugday.org\/blog\/wp-content\/uploads\/2021\/07\/BUGDAY_DERGI_SAYI_2_YAZ21.pdf\" data-lightbox=\"e-cards\"><img loading=\"lazy\" decoding=\"async\" class=\"aligncenter wp-image-283884 size-full\" src=\"https:\/\/www.bugday.org\/blog\/wp-content\/uploads\/2021\/06\/bugday-e-dergi-kapak-768x1086.png\" alt=\" \" width=\"960\" height=\"640\"><\/a><\/p>\n<h3><a class=\"button\" href=\"https:\/\/www.bugday.org\/blog\/wp-content\/uploads\/2021\/07\/BUGDAY_DERGI_SAYI_2_YAZ21.pdf\" target=\"_blank\" rel=\"noopener noreferrer\">Bu\u011fday E-Dergi | Say\u0131 02 | Yaz 2021<\/a><\/h3>\n<\/div>\n<div class=\"col-lg-6\">\n<p class=\"mod-reset\"><a href=\"https:\/\/www.bugday.org\/blog\/wp-content\/uploads\/2021\/10\/BUGDAY_S3_GUZ_21_1.pdf\" data-lightbox=\"e-cards\"><img loading=\"lazy\" decoding=\"async\" class=\"aligncenter wp-image-283884 size-full\" src=\"https:\/\/www.bugday.org\/blog\/wp-content\/uploads\/2021\/09\/BUGDAY_S3_GUZ.png\" alt=\" \" width=\"960\" height=\"640\"><\/a><\/p>\n<h3><a class=\"button\" href=\"https:\/\/www.bugday.org\/blog\/wp-content\/uploads\/2021\/10\/BUGDAY_S3_GUZ_21_1.pdf\" target=\"_blank\" rel=\"noopener noreferrer\">Bu\u011fday E-Dergi | Say\u0131 03 | G\u00fcz 2021<\/a><\/h3>\n<\/div>\n<div class=\"col-lg-6\">\n<p class=\"mod-reset\"><a href=\"https:\/\/www.bugday.org\/blog\/wp-content\/uploads\/2022\/01\/BUGDAY_S4_KIS_21.pdf?utm_source=BenchmarkEmail&amp;utm_campaign=DERG%c4%b0_4._SAYI_-_ABONELER%2fDESTEK_VERENLER_-_RT&amp;utm_medium=email\"><img loading=\"lazy\" decoding=\"async\" class=\"aligncenter wp-image-283884 size-full\" src=\"https:\/\/www.bugday.org\/blog\/wp-content\/uploads\/2021\/12\/WhatsApp-Image-2021-12-21-at-21.03.30-1.jpeg\" alt=\"\" width=\"960\" height=\"640\"><\/a><\/p>\n<h3 class=\"\"><a class=\"button\" href=\"https:\/\/www.bugday.org\/blog\/wp-content\/uploads\/2022\/01\/BUGDAY_S4_KIS_21.pdf?utm_source=BenchmarkEmail&amp;utm_campaign=DERG%c4%b0_4._SAYI_-_ABONELER%2fDESTEK_VERENLER_-_RT&amp;utm_medium=email\" target=\"_blank\" rel=\"noopener noreferrer\">Bu\u011fday E-Dergi | Say\u0131 04 | K\u0131\u015f 2021-2022<\/a><\/h3>\n<\/div>\n<div class=\"col-lg-6\">\n<p class=\"mod-reset\"><a href=\"https:\/\/bugday.org\/blog\/pdf\/BUGDAY_EDERGI_S5_2022.pdf\"><img loading=\"lazy\" decoding=\"async\" class=\"aligncenter wp-image-283884 size-full\" src=\"https:\/\/www.bugday.org\/blog\/wp-content\/uploads\/2022\/03\/BUGDAY_S5_2022_YAYIN_HIGH-1-0-min-min-1-min-min-2-4-1.png\" alt=\"\" width=\"960\" height=\"640\"><\/a><\/p>\n<h3 class=\"\"><a class=\"button\" href=\"https:\/\/bugday.org\/blog\/pdf\/BUGDAY_EDERGI_S5_2022.pdf\" target=\"_blank\" rel=\"noopener noreferrer\">Bu\u011fday E-Dergi | Say\u0131 05 | Bahar 2022<\/a><\/h3>\n<\/div>\n<div class=\"col-lg-6\">\n<p class=\"mod-reset\"><a href=\"https:\/\/bugday.org\/blog\/pdf\/BUGDAY_S6_2022.pdf\" target=\"_blank\" rel=\"noopener noreferrer\"><img loading=\"lazy\" decoding=\"async\" class=\"aligncenter wp-image-285711 size-full\" src=\"https:\/\/www.bugday.org\/blog\/wp-content\/uploads\/2022\/06\/BUGDAY_S6_2022_YAYIN_L-0.png\" alt=\"\" width=\"2480\" height=\"3508\" srcset=\"https:\/\/www.bugday.org\/blog\/wp-content\/uploads\/2022\/06\/BUGDAY_S6_2022_YAYIN_L-0.png 2480w, https:\/\/www.bugday.org\/blog\/wp-content\/uploads\/2022\/06\/BUGDAY_S6_2022_YAYIN_L-0-212x300.png 212w, https:\/\/www.bugday.org\/blog\/wp-content\/uploads\/2022\/06\/BUGDAY_S6_2022_YAYIN_L-0-768x1086.png 768w, https:\/\/www.bugday.org\/blog\/wp-content\/uploads\/2022\/06\/BUGDAY_S6_2022_YAYIN_L-0-724x1024.png 724w\" sizes=\"(max-width: 2480px) 100vw, 2480px\" \/><\/a><\/p>\n<h3 class=\"\"><a class=\"button\" href=\"https:\/\/bugday.org\/blog\/pdf\/BUGDAY_S6_2022.pdf\" target=\"_blank\" rel=\"noopener noreferrer\">Bu\u011fday E-Dergi | Say\u0131 06 | Yaz 2022<\/a><\/h3>\n<\/div>\n<div class=\"col-lg-6\">\n<p class=\"mod-reset\"><a href=\"https:\/\/bugday.org\/pdf\/BUGDAY_S7_2022_YAYIN.pdf?utm_source=BenchmarkEmail&amp;utm_campaign=DERG%c4%b0_7._SAYI_-_KATKIDA_BULUNANLAR%2fYAZARLAR&amp;utm_medium=email\"><img loading=\"lazy\" decoding=\"async\" class=\"aligncenter wp-image-283884 size-full\" src=\"https:\/\/www.bugday.org\/blog\/wp-content\/uploads\/2023\/04\/BUGDAY_S7_2022_YAYIN-01.png\" alt=\"\" width=\"960\" height=\"640\"><\/a><\/p>\n<h3 class=\"\"><a class=\"button\" href=\"https:\/\/bugday.org\/pdf\/BUGDAY_S7_2022_YAYIN.pdf?utm_source=BenchmarkEmail&amp;utm_campaign=DERG%c4%b0_7._SAYI_-_KATKIDA_BULUNANLAR%2fYAZARLAR&amp;utm_medium=email\" target=\"_blank\" rel=\"noopener noreferrer\">Bu\u011fday E-Dergi | Say\u0131 07 | G\u00fcz 2022<\/a><\/h3>\n<h3 class=\"\"><a href=\"https:\/\/www.bugday.org\/blog\/wp-content\/uploads\/2025\/11\/BUGDAY_S9_MART_2023_YAYIN.pdf\" target=\"_blank\" rel=\"noopener\"><img loading=\"lazy\" decoding=\"async\" class=\"alignnone wp-image-299726 size-full\" src=\"https:\/\/www.bugday.org\/blog\/wp-content\/uploads\/2025\/11\/sayi9.png\" alt=\"\" width=\"1160\" height=\"1644\" srcset=\"https:\/\/www.bugday.org\/blog\/wp-content\/uploads\/2025\/11\/sayi9.png 1160w, https:\/\/www.bugday.org\/blog\/wp-content\/uploads\/2025\/11\/sayi9-212x300.png 212w, https:\/\/www.bugday.org\/blog\/wp-content\/uploads\/2025\/11\/sayi9-723x1024.png 723w, https:\/\/www.bugday.org\/blog\/wp-content\/uploads\/2025\/11\/sayi9-768x1088.png 768w, https:\/\/www.bugday.org\/blog\/wp-content\/uploads\/2025\/11\/sayi9-1084x1536.png 1084w\" sizes=\"(max-width: 1160px) 100vw, 1160px\" \/><\/a><\/h3>\n<h3 class=\"\"><a class=\"button\" href=\"https:\/\/www.bugday.org\/blog\/wp-content\/uploads\/2025\/11\/BUGDAY_S9_MART_2023_YAYIN.pdf\" target=\"_blank\" rel=\"noopener noreferrer\">Bu\u011fday E-Dergi | Say\u0131 09 | Bahar 2023<\/a><\/h3>\n<h3 class=\"\"><a href=\"https:\/\/www.bugday.org\/blog\/wp-content\/uploads\/2025\/11\/BugdayEdergi_11_Guz2023_SON.pdf\" target=\"_blank\" rel=\"noopener\"><img loading=\"lazy\" decoding=\"async\" class=\"alignnone wp-image-299733 size-full\" src=\"https:\/\/www.bugday.org\/blog\/wp-content\/uploads\/2025\/11\/sayi11.png\" alt=\"\" width=\"1148\" height=\"1638\" srcset=\"https:\/\/www.bugday.org\/blog\/wp-content\/uploads\/2025\/11\/sayi11.png 1148w, https:\/\/www.bugday.org\/blog\/wp-content\/uploads\/2025\/11\/sayi11-210x300.png 210w, https:\/\/www.bugday.org\/blog\/wp-content\/uploads\/2025\/11\/sayi11-718x1024.png 718w, https:\/\/www.bugday.org\/blog\/wp-content\/uploads\/2025\/11\/sayi11-768x1096.png 768w, https:\/\/www.bugday.org\/blog\/wp-content\/uploads\/2025\/11\/sayi11-1077x1536.png 1077w\" sizes=\"(max-width: 1148px) 100vw, 1148px\" \/><\/a><\/h3>\n<h3 class=\"\"><a class=\"button\" href=\"https:\/\/www.bugday.org\/blog\/wp-content\/uploads\/2025\/11\/BugdayEdergi_11_Guz2023_SON.pdf\" target=\"_blank\" rel=\"noopener noreferrer\">Bu\u011fday E-Dergi | Say\u0131 11 | G\u00fcz 2023<\/a><\/h3>\n<\/div>\n<div class=\"col-lg-6\">\n<p class=\"mod-reset\"><a href=\"https:\/\/bugday.org\/pdf\/BUGDAY_S8_2022_YAYIN.pdf?utm_source=BenchmarkEmail&amp;utm_campaign=DERG%c4%b0_8._SAYI_-_DESTEK%c3%87%c4%b0LER%2f%c3%9cYELER%2fYAZARLAR%2fKATKIDA_BULUNANLAR&amp;utm_medium=email&amp;utm_source=BenchmarkEmail&amp;utm_campaign=OCAK_2023_E-B%c3%9cLTEN&amp;utm_medium=email\"><img loading=\"lazy\" decoding=\"async\" class=\"aligncenter wp-image-283884 size-full\" src=\"https:\/\/www.bugday.org\/blog\/wp-content\/uploads\/2023\/06\/BUGDAY_S8_2022_YAYIN-01-min-1.png\" alt=\"\" width=\"960\" height=\"640\"><\/a><\/p>\n<h3 class=\"\"><a class=\"button\" href=\"https:\/\/bugday.org\/pdf\/BUGDAY_S8_2022_YAYIN.pdf?utm_source=BenchmarkEmail&amp;utm_campaign=DERG%c4%b0_8._SAYI_-_DESTEK%c3%87%c4%b0LER%2f%c3%9cYELER%2fYAZARLAR%2fKATKIDA_BULUNANLAR&amp;utm_medium=email&amp;utm_source=BenchmarkEmail&amp;utm_campaign=OCAK_2023_E-B%c3%9cLTEN&amp;utm_medium=email\" target=\"_blank\" rel=\"noopener noreferrer\">Bu\u011fday E-Dergi | Say\u0131 08 | K\u0131\u015f 2022-2023<\/a><\/h3>\n<h3 class=\"\"><a href=\"https:\/\/www.bugday.org\/blog\/wp-content\/uploads\/2025\/11\/BUGDAY_S10_HAZIRAN_2023_YAYIN.pdf\" target=\"_blank\" rel=\"noopener\"><img loading=\"lazy\" decoding=\"async\" class=\"alignnone wp-image-299728 size-full\" src=\"https:\/\/www.bugday.org\/blog\/wp-content\/uploads\/2025\/11\/sayi10-e1763730386450.png\" alt=\"\" width=\"1148\" height=\"1628\" srcset=\"https:\/\/www.bugday.org\/blog\/wp-content\/uploads\/2025\/11\/sayi10-e1763730386450.png 1148w, https:\/\/www.bugday.org\/blog\/wp-content\/uploads\/2025\/11\/sayi10-e1763730386450-212x300.png 212w, https:\/\/www.bugday.org\/blog\/wp-content\/uploads\/2025\/11\/sayi10-e1763730386450-722x1024.png 722w, https:\/\/www.bugday.org\/blog\/wp-content\/uploads\/2025\/11\/sayi10-e1763730386450-768x1089.png 768w, https:\/\/www.bugday.org\/blog\/wp-content\/uploads\/2025\/11\/sayi10-e1763730386450-1083x1536.png 1083w\" sizes=\"(max-width: 1148px) 100vw, 1148px\" \/><\/a><\/h3>\n<h3 class=\"\"><a class=\"button\" href=\"https:\/\/www.bugday.org\/blog\/wp-content\/uploads\/2025\/11\/BUGDAY_S10_HAZIRAN_2023_YAYIN.pdf\" target=\"_blank\" rel=\"noopener noreferrer\">Bu\u011fday E-Dergi | Say\u0131 10 | Yaz 2023<\/a><\/h3>\n<h3 class=\"\"><a href=\"https:\/\/www.bugday.org\/blog\/wp-content\/uploads\/2025\/11\/BugdayEdergi_12_Kis2023_SON.pdf\" target=\"_blank\" rel=\"noopener\"><img loading=\"lazy\" decoding=\"async\" class=\"alignnone wp-image-299735 size-full\" src=\"https:\/\/www.bugday.org\/blog\/wp-content\/uploads\/2025\/11\/sayi12.png\" alt=\"\" width=\"1142\" height=\"1632\" srcset=\"https:\/\/www.bugday.org\/blog\/wp-content\/uploads\/2025\/11\/sayi12.png 1142w, https:\/\/www.bugday.org\/blog\/wp-content\/uploads\/2025\/11\/sayi12-210x300.png 210w, https:\/\/www.bugday.org\/blog\/wp-content\/uploads\/2025\/11\/sayi12-717x1024.png 717w, https:\/\/www.bugday.org\/blog\/wp-content\/uploads\/2025\/11\/sayi12-768x1098.png 768w, https:\/\/www.bugday.org\/blog\/wp-content\/uploads\/2025\/11\/sayi12-1075x1536.png 1075w\" sizes=\"(max-width: 1142px) 100vw, 1142px\" \/><\/a><\/h3>\n<h3 class=\"\"><a class=\"button\" href=\"https:\/\/www.bugday.org\/blog\/wp-content\/uploads\/2025\/11\/BugdayEdergi_12_Kis2023_SON.pdf\" target=\"_blank\" rel=\"noopener noreferrer\">Bu\u011fday E-Dergi | Say\u0131 12 | K\u0131\u015f 2023<\/a><\/h3>\n<\/div>\n<\/div>\n<\/div>\n<\/div>\n<\/div>\n","protected":false},"excerpt":{"rendered":"<p>&lt; D\u00fczenli Destek Bu\u011fday E-Dergi, ekolojik ya\u015fam bilgisine ula\u015fmak isteyenlerin katk\u0131lar\u0131yla k\u00f6k sal\u0131yor! Bu\u011fday Ekolojik Ya\u015fam\u0131 Destekleme Derne\u011fi\u2019ne yapt\u0131\u011f\u0131n\u0131z destekler sayesinde ekolojik ya\u015fam ve sa\u011fl\u0131kl\u0131 bir gelecek i\u00e7in att\u0131\u011f\u0131m\u0131z tohumlar b\u00fcy\u00fcyor, filizleniyor, meyve veriyor, \u00e7o\u011fal\u0131yor\u2026&#8230;<\/p>\n","protected":false},"author":4,"featured_media":0,"parent":0,"menu_order":0,"comment_status":"closed","ping_status":"closed","template":"template-fullwidth.php","meta":{"footnotes":""},"_links":{"self":[{"href":"https:\/\/www.bugday.org\/blog\/wp-json\/wp\/v2\/pages\/284300"}],"collection":[{"href":"https:\/\/www.bugday.org\/blog\/wp-json\/wp\/v2\/pages"}],"about":[{"href":"https:\/\/www.bugday.org\/blog\/wp-json\/wp\/v2\/types\/page"}],"author":[{"embeddable":true,"href":"https:\/\/www.bugday.org\/blog\/wp-json\/wp\/v2\/users\/4"}],"replies":[{"embeddable":true,"href":"https:\/\/www.bugday.org\/blog\/wp-json\/wp\/v2\/comments?post=284300"}],"version-history":[{"count":65,"href":"https:\/\/www.bugday.org\/blog\/wp-json\/wp\/v2\/pages\/284300\/revisions"}],"predecessor-version":[{"id":299740,"href":"https:\/\/www.bugday.org\/blog\/wp-json\/wp\/v2\/pages\/284300\/revisions\/299740"}],"wp:attachment":[{"href":"https:\/\/www.bugday.org\/blog\/wp-json\/wp\/v2\/media?parent=284300"}],"curies":[{"name":"wp","href":"https:\/\/api.w.org\/{rel}","templated":true}]}}