{"id":233543,"date":"2021-07-07T15:06:38","date_gmt":"2021-07-07T12:06:38","guid":{"rendered":"https:\/\/www.bugday.org\/blog\/?page_id=233543"},"modified":"2026-04-29T12:02:32","modified_gmt":"2026-04-29T09:02:32","slug":"6698-sayili-ki%cc%87s%cc%a7i%cc%87sel-veri%cc%87leri%cc%87n-korunmasi-kanunu-uyarinca-bas%cc%a7vuru-formu","status":"publish","type":"page","link":"https:\/\/www.bugday.org\/blog\/6698-sayili-ki%cc%87s%cc%a7i%cc%87sel-veri%cc%87leri%cc%87n-korunmasi-kanunu-uyarinca-bas%cc%a7vuru-formu\/","title":{"rendered":"6698 SAYILI KI\u0307S\u0327I\u0307SEL VERI\u0307LERI\u0307N KORUNMASI KANUNU UYARINCA BAS\u0327VURU FORMU"},"content":{"rendered":"<p>Formu indirmek i\u00e7in l\u00fctfen <a href=\"https:\/\/www.bugday.org\/blog\/wp-content\/uploads\/2026\/04\/KVKK_Basvuru_Formu_04_26.pdf\" target=\"_blank\" rel=\"noopener noreferrer\">buraya<\/a> t\u0131klay\u0131n<\/p>\n","protected":false},"excerpt":{"rendered":"<p>Formu indirmek i\u00e7in l\u00fctfen buraya t\u0131klay\u0131n<\/p>\n","protected":false},"author":1,"featured_media":0,"parent":0,"menu_order":0,"comment_status":"closed","ping_status":"closed","template":"template\/page\/fullwidth.php","meta":{"footnotes":""},"_links":{"self":[{"href":"https:\/\/www.bugday.org\/blog\/wp-json\/wp\/v2\/pages\/233543"}],"collection":[{"href":"https:\/\/www.bugday.org\/blog\/wp-json\/wp\/v2\/pages"}],"about":[{"href":"https:\/\/www.bugday.org\/blog\/wp-json\/wp\/v2\/types\/page"}],"author":[{"embeddable":true,"href":"https:\/\/www.bugday.org\/blog\/wp-json\/wp\/v2\/users\/1"}],"replies":[{"embeddable":true,"href":"https:\/\/www.bugday.org\/blog\/wp-json\/wp\/v2\/comments?post=233543"}],"version-history":[{"count":2,"href":"https:\/\/www.bugday.org\/blog\/wp-json\/wp\/v2\/pages\/233543\/revisions"}],"predecessor-version":[{"id":300314,"href":"https:\/\/www.bugday.org\/blog\/wp-json\/wp\/v2\/pages\/233543\/revisions\/300314"}],"wp:attachment":[{"href":"https:\/\/www.bugday.org\/blog\/wp-json\/wp\/v2\/media?parent=233543"}],"curies":[{"name":"wp","href":"https:\/\/api.w.org\/{rel}","templated":true}]}}