{"id":232489,"date":"2021-07-06T16:14:38","date_gmt":"2021-07-06T13:14:38","guid":{"rendered":"https:\/\/www.bugday.org\/blog\/?page_id=232489"},"modified":"2021-07-07T15:48:54","modified_gmt":"2021-07-07T12:48:54","slug":"bugday-ekolojik-yasami-destekleme-dernegi-kisisel-veri-imha-tutanagi-formu","status":"publish","type":"page","link":"https:\/\/www.bugday.org\/blog\/bugday-ekolojik-yasami-destekleme-dernegi-kisisel-veri-imha-tutanagi-formu\/","title":{"rendered":"BU\u011eDAY EKOLOJ\u0130K YA\u015eAMI DESTEKLEME DERNE\u011e\u0130 K\u0130\u015e\u0130SEL VER\u0130 \u0130MHA TUTANA\u011eI FORMU"},"content":{"rendered":"<p>Formu indirmek i\u00e7in l\u00fctfen <a href=\"https:\/\/www.bugday.org\/blog\/wp-content\/uploads\/2021\/07\/kis\u0327isel-veri-I\u0307mha-tutanag\u0306\u0131-formu-o\u0308rnek-1-1.pdf\" target=\"_blank\" rel=\"noopener noreferrer\">buraya<\/a> t\u0131klay\u0131n<\/p>\n","protected":false},"excerpt":{"rendered":"<p>Formu indirmek i\u00e7in l\u00fctfen buraya t\u0131klay\u0131n<\/p>\n","protected":false},"author":1,"featured_media":0,"parent":0,"menu_order":0,"comment_status":"closed","ping_status":"closed","template":"template\/page\/fullwidth.php","meta":{"footnotes":""},"_links":{"self":[{"href":"https:\/\/www.bugday.org\/blog\/wp-json\/wp\/v2\/pages\/232489"}],"collection":[{"href":"https:\/\/www.bugday.org\/blog\/wp-json\/wp\/v2\/pages"}],"about":[{"href":"https:\/\/www.bugday.org\/blog\/wp-json\/wp\/v2\/types\/page"}],"author":[{"embeddable":true,"href":"https:\/\/www.bugday.org\/blog\/wp-json\/wp\/v2\/users\/1"}],"replies":[{"embeddable":true,"href":"https:\/\/www.bugday.org\/blog\/wp-json\/wp\/v2\/comments?post=232489"}],"version-history":[{"count":4,"href":"https:\/\/www.bugday.org\/blog\/wp-json\/wp\/v2\/pages\/232489\/revisions"}],"predecessor-version":[{"id":233616,"href":"https:\/\/www.bugday.org\/blog\/wp-json\/wp\/v2\/pages\/232489\/revisions\/233616"}],"wp:attachment":[{"href":"https:\/\/www.bugday.org\/blog\/wp-json\/wp\/v2\/media?parent=232489"}],"curies":[{"name":"wp","href":"https:\/\/api.w.org\/{rel}","templated":true}]}}